{"id":2517,"date":"2019-09-05T10:29:34","date_gmt":"2019-09-05T08:29:34","guid":{"rendered":"http:\/\/best-value.test\/best-value\/"},"modified":"2026-03-05T16:36:35","modified_gmt":"2026-03-05T15:36:35","slug":"best-value","status":"publish","type":"page","link":"https:\/\/www.best-value.be\/en\/best-value\/","title":{"rendered":"BestValue"},"content":{"rendered":"<p>BestValue, une entreprise au service des entrepreneurs.<\/p>\n<p><strong>Sa mission<\/strong> : accompagner ses clients tout au long de la r\u00e9alisation d\u2019un projet personnel sortant de l\u2019ordinaire, aux enjeux humains et financiers consid\u00e9rables, n\u00e9cessitant prudence et rigueur mais aussi imagination et cr\u00e9ativit\u00e9.<\/p>\n<p>Le challenge permanent de BestValue depuis 2014 : contribuer au d\u00e9veloppement \u00e9conomique et \u00e0 la p\u00e9rennit\u00e9 des activit\u00e9s.<\/p>\n<p>Davantage qu\u2019un large r\u00e9seau diversifi\u00e9 et de qualit\u00e9, la ma\u00eetrise et la comp\u00e9tence technique sont les fondations du cabinet. Chaque membre de l\u2019\u00e9quipe est apte \u00e0 porter un projet et \u00e0 faire preuve de disponibilit\u00e9, de r\u00e9activit\u00e9, d\u2019opportunisme et de polyvalence.<\/p>\n<p>Forte de ses 130 dossiers d\u2019\u00e9valuation-transmission \u00e9tudi\u00e9s au cours des 5 derni\u00e8res ann\u00e9es (dont 85 durant les 30 derniers mois), BestValue a, entre autres, pu d\u00e9velopper ses techniques d\u2019\u00e9valuation, affiner ses montages d\u2019acquisition pour compte d&#8217;acqu\u00e9reurs et optimiser le volet fiscal des op\u00e9rations de cession pour compte de vendeurs.<\/p>\n","protected":false},"excerpt":{"rendered":"<p>BestValue, une entreprise au service des entrepreneurs. Sa mission : accompagner ses clients tout au long de la r\u00e9alisation d\u2019un projet personnel sortant de l\u2019ordinaire, aux enjeux humains et financiers consid\u00e9rables, n\u00e9cessitant prudence et rigueur mais aussi imagination et cr\u00e9ativit\u00e9. Le challenge permanent de BestValue depuis 2014 : contribuer au d\u00e9veloppement \u00e9conomique et \u00e0 la [&hellip;]<\/p>\n","protected":false},"author":1,"featured_media":2479,"parent":0,"menu_order":0,"comment_status":"closed","ping_status":"closed","template":"bestvalue-template.php","meta":{"_acf_changed":false,"footnotes":""},"class_list":["post-2517","page","type-page","status-publish","has-post-thumbnail","hentry"],"acf":[],"yoast_head":"<!-- This site is optimized with the Yoast SEO plugin v27.6 - https:\/\/yoast.com\/product\/yoast-seo-wordpress\/ -->\n<title>BestValue - BestValue<\/title>\n<meta name=\"robots\" content=\"index, follow, max-snippet:-1, max-image-preview:large, max-video-preview:-1\" \/>\n<link rel=\"canonical\" href=\"https:\/\/www.best-value.be\/en\/best-value\/\" \/>\n<meta property=\"og:locale\" content=\"en_US\" \/>\n<meta property=\"og:type\" content=\"article\" \/>\n<meta property=\"og:title\" content=\"BestValue - BestValue\" \/>\n<meta property=\"og:description\" content=\"BestValue, une entreprise au service des entrepreneurs. Sa mission : accompagner ses clients tout au long de la r\u00e9alisation d\u2019un projet personnel sortant de l\u2019ordinaire, aux enjeux humains et financiers consid\u00e9rables, n\u00e9cessitant prudence et rigueur mais aussi imagination et cr\u00e9ativit\u00e9. Le challenge permanent de BestValue depuis 2014 : contribuer au d\u00e9veloppement \u00e9conomique et \u00e0 la [&hellip;]\" \/>\n<meta property=\"og:url\" content=\"https:\/\/www.best-value.be\/en\/best-value\/\" \/>\n<meta property=\"og:site_name\" content=\"BestValue\" \/>\n<meta property=\"article:publisher\" content=\"https:\/\/www.facebook.com\/Evaluer.Vendre.Acheter\/?locale=fr_FR\" \/>\n<meta property=\"article:modified_time\" content=\"2026-03-05T15:36:35+00:00\" \/>\n<meta property=\"og:image\" content=\"https:\/\/www.best-value.be\/wp-content\/uploads\/2022\/08\/bestvalue-about-banner.jpg\" \/>\n\t<meta property=\"og:image:width\" content=\"2560\" \/>\n\t<meta property=\"og:image:height\" content=\"1251\" \/>\n\t<meta property=\"og:image:type\" content=\"image\/jpeg\" \/>\n<meta name=\"twitter:card\" content=\"summary_large_image\" \/>\n<meta name=\"twitter:label1\" content=\"Est. reading time\" \/>\n\t<meta name=\"twitter:data1\" content=\"1 minute\" \/>\n<script type=\"application\/ld+json\" class=\"yoast-schema-graph\">{\"@context\":\"https:\\\/\\\/schema.org\",\"@graph\":[{\"@type\":\"WebPage\",\"@id\":\"https:\\\/\\\/www.best-value.be\\\/en\\\/best-value\\\/\",\"url\":\"https:\\\/\\\/www.best-value.be\\\/en\\\/best-value\\\/\",\"name\":\"BestValue - BestValue\",\"isPartOf\":{\"@id\":\"https:\\\/\\\/www.best-value.be\\\/en\\\/#website\"},\"primaryImageOfPage\":{\"@id\":\"https:\\\/\\\/www.best-value.be\\\/en\\\/best-value\\\/#primaryimage\"},\"image\":{\"@id\":\"https:\\\/\\\/www.best-value.be\\\/en\\\/best-value\\\/#primaryimage\"},\"thumbnailUrl\":\"https:\\\/\\\/www.best-value.be\\\/wp-content\\\/uploads\\\/2022\\\/08\\\/bestvalue-about-banner.jpg\",\"datePublished\":\"2019-09-05T08:29:34+00:00\",\"dateModified\":\"2026-03-05T15:36:35+00:00\",\"breadcrumb\":{\"@id\":\"https:\\\/\\\/www.best-value.be\\\/en\\\/best-value\\\/#breadcrumb\"},\"inLanguage\":\"en-US\",\"potentialAction\":[{\"@type\":\"ReadAction\",\"target\":[\"https:\\\/\\\/www.best-value.be\\\/en\\\/best-value\\\/\"]}]},{\"@type\":\"ImageObject\",\"inLanguage\":\"en-US\",\"@id\":\"https:\\\/\\\/www.best-value.be\\\/en\\\/best-value\\\/#primaryimage\",\"url\":\"https:\\\/\\\/www.best-value.be\\\/wp-content\\\/uploads\\\/2022\\\/08\\\/bestvalue-about-banner.jpg\",\"contentUrl\":\"https:\\\/\\\/www.best-value.be\\\/wp-content\\\/uploads\\\/2022\\\/08\\\/bestvalue-about-banner.jpg\",\"width\":2560,\"height\":1251,\"caption\":\"R\u00e9f\u00e9rences M&A - Op\u00e9rations de fusions et acquisitions r\u00e9ussies par BestValue\"},{\"@type\":\"BreadcrumbList\",\"@id\":\"https:\\\/\\\/www.best-value.be\\\/en\\\/best-value\\\/#breadcrumb\",\"itemListElement\":[{\"@type\":\"ListItem\",\"position\":1,\"name\":\"Accueil\",\"item\":\"https:\\\/\\\/www.best-value.be\\\/en\\\/\"},{\"@type\":\"ListItem\",\"position\":2,\"name\":\"BestValue\"}]},{\"@type\":\"WebSite\",\"@id\":\"https:\\\/\\\/www.best-value.be\\\/en\\\/#website\",\"url\":\"https:\\\/\\\/www.best-value.be\\\/en\\\/\",\"name\":\"BestValue\",\"description\":\"M&amp;A Advisor\",\"publisher\":{\"@id\":\"https:\\\/\\\/www.best-value.be\\\/en\\\/#organization\"},\"alternateName\":\"BV\",\"potentialAction\":[{\"@type\":\"SearchAction\",\"target\":{\"@type\":\"EntryPoint\",\"urlTemplate\":\"https:\\\/\\\/www.best-value.be\\\/en\\\/?s={search_term_string}\"},\"query-input\":{\"@type\":\"PropertyValueSpecification\",\"valueRequired\":true,\"valueName\":\"search_term_string\"}}],\"inLanguage\":\"en-US\"},{\"@type\":\"Organization\",\"@id\":\"https:\\\/\\\/www.best-value.be\\\/en\\\/#organization\",\"name\":\"BestValue\",\"alternateName\":\"BV\",\"url\":\"https:\\\/\\\/www.best-value.be\\\/en\\\/\",\"logo\":{\"@type\":\"ImageObject\",\"inLanguage\":\"en-US\",\"@id\":\"https:\\\/\\\/www.best-value.be\\\/en\\\/#\\\/schema\\\/logo\\\/image\\\/\",\"url\":\"https:\\\/\\\/www.best-value.be\\\/wp-content\\\/uploads\\\/2025\\\/05\\\/Logo-BestValue-scaled.jpg\",\"contentUrl\":\"https:\\\/\\\/www.best-value.be\\\/wp-content\\\/uploads\\\/2025\\\/05\\\/Logo-BestValue-scaled.jpg\",\"width\":2560,\"height\":1998,\"caption\":\"BestValue\"},\"image\":{\"@id\":\"https:\\\/\\\/www.best-value.be\\\/en\\\/#\\\/schema\\\/logo\\\/image\\\/\"},\"sameAs\":[\"https:\\\/\\\/www.facebook.com\\\/Evaluer.Vendre.Acheter\\\/?locale=fr_FR\",\"https:\\\/\\\/www.linkedin.com\\\/company\\\/bestvalue\\\/\"]}]}<\/script>\n<!-- \/ Yoast SEO plugin. -->","yoast_head_json":{"title":"BestValue - BestValue","robots":{"index":"index","follow":"follow","max-snippet":"max-snippet:-1","max-image-preview":"max-image-preview:large","max-video-preview":"max-video-preview:-1"},"canonical":"https:\/\/www.best-value.be\/en\/best-value\/","og_locale":"en_US","og_type":"article","og_title":"BestValue - BestValue","og_description":"BestValue, une entreprise au service des entrepreneurs. Sa mission : accompagner ses clients tout au long de la r\u00e9alisation d\u2019un projet personnel sortant de l\u2019ordinaire, aux enjeux humains et financiers consid\u00e9rables, n\u00e9cessitant prudence et rigueur mais aussi imagination et cr\u00e9ativit\u00e9. Le challenge permanent de BestValue depuis 2014 : contribuer au d\u00e9veloppement \u00e9conomique et \u00e0 la [&hellip;]","og_url":"https:\/\/www.best-value.be\/en\/best-value\/","og_site_name":"BestValue","article_publisher":"https:\/\/www.facebook.com\/Evaluer.Vendre.Acheter\/?locale=fr_FR","article_modified_time":"2026-03-05T15:36:35+00:00","og_image":[{"width":2560,"height":1251,"url":"https:\/\/www.best-value.be\/wp-content\/uploads\/2022\/08\/bestvalue-about-banner.jpg","type":"image\/jpeg"}],"twitter_card":"summary_large_image","twitter_misc":{"Est. reading time":"1 minute"},"schema":{"@context":"https:\/\/schema.org","@graph":[{"@type":"WebPage","@id":"https:\/\/www.best-value.be\/en\/best-value\/","url":"https:\/\/www.best-value.be\/en\/best-value\/","name":"BestValue - BestValue","isPartOf":{"@id":"https:\/\/www.best-value.be\/en\/#website"},"primaryImageOfPage":{"@id":"https:\/\/www.best-value.be\/en\/best-value\/#primaryimage"},"image":{"@id":"https:\/\/www.best-value.be\/en\/best-value\/#primaryimage"},"thumbnailUrl":"https:\/\/www.best-value.be\/wp-content\/uploads\/2022\/08\/bestvalue-about-banner.jpg","datePublished":"2019-09-05T08:29:34+00:00","dateModified":"2026-03-05T15:36:35+00:00","breadcrumb":{"@id":"https:\/\/www.best-value.be\/en\/best-value\/#breadcrumb"},"inLanguage":"en-US","potentialAction":[{"@type":"ReadAction","target":["https:\/\/www.best-value.be\/en\/best-value\/"]}]},{"@type":"ImageObject","inLanguage":"en-US","@id":"https:\/\/www.best-value.be\/en\/best-value\/#primaryimage","url":"https:\/\/www.best-value.be\/wp-content\/uploads\/2022\/08\/bestvalue-about-banner.jpg","contentUrl":"https:\/\/www.best-value.be\/wp-content\/uploads\/2022\/08\/bestvalue-about-banner.jpg","width":2560,"height":1251,"caption":"R\u00e9f\u00e9rences M&A - Op\u00e9rations de fusions et acquisitions r\u00e9ussies par BestValue"},{"@type":"BreadcrumbList","@id":"https:\/\/www.best-value.be\/en\/best-value\/#breadcrumb","itemListElement":[{"@type":"ListItem","position":1,"name":"Accueil","item":"https:\/\/www.best-value.be\/en\/"},{"@type":"ListItem","position":2,"name":"BestValue"}]},{"@type":"WebSite","@id":"https:\/\/www.best-value.be\/en\/#website","url":"https:\/\/www.best-value.be\/en\/","name":"BestValue","description":"M&amp;A Advisor","publisher":{"@id":"https:\/\/www.best-value.be\/en\/#organization"},"alternateName":"BV","potentialAction":[{"@type":"SearchAction","target":{"@type":"EntryPoint","urlTemplate":"https:\/\/www.best-value.be\/en\/?s={search_term_string}"},"query-input":{"@type":"PropertyValueSpecification","valueRequired":true,"valueName":"search_term_string"}}],"inLanguage":"en-US"},{"@type":"Organization","@id":"https:\/\/www.best-value.be\/en\/#organization","name":"BestValue","alternateName":"BV","url":"https:\/\/www.best-value.be\/en\/","logo":{"@type":"ImageObject","inLanguage":"en-US","@id":"https:\/\/www.best-value.be\/en\/#\/schema\/logo\/image\/","url":"https:\/\/www.best-value.be\/wp-content\/uploads\/2025\/05\/Logo-BestValue-scaled.jpg","contentUrl":"https:\/\/www.best-value.be\/wp-content\/uploads\/2025\/05\/Logo-BestValue-scaled.jpg","width":2560,"height":1998,"caption":"BestValue"},"image":{"@id":"https:\/\/www.best-value.be\/en\/#\/schema\/logo\/image\/"},"sameAs":["https:\/\/www.facebook.com\/Evaluer.Vendre.Acheter\/?locale=fr_FR","https:\/\/www.linkedin.com\/company\/bestvalue\/"]}]}},"_links":{"self":[{"href":"https:\/\/www.best-value.be\/en\/wp-json\/wp\/v2\/pages\/2517","targetHints":{"allow":["GET"]}}],"collection":[{"href":"https:\/\/www.best-value.be\/en\/wp-json\/wp\/v2\/pages"}],"about":[{"href":"https:\/\/www.best-value.be\/en\/wp-json\/wp\/v2\/types\/page"}],"author":[{"embeddable":true,"href":"https:\/\/www.best-value.be\/en\/wp-json\/wp\/v2\/users\/1"}],"replies":[{"embeddable":true,"href":"https:\/\/www.best-value.be\/en\/wp-json\/wp\/v2\/comments?post=2517"}],"version-history":[{"count":13,"href":"https:\/\/www.best-value.be\/en\/wp-json\/wp\/v2\/pages\/2517\/revisions"}],"predecessor-version":[{"id":18268,"href":"https:\/\/www.best-value.be\/en\/wp-json\/wp\/v2\/pages\/2517\/revisions\/18268"}],"wp:featuredmedia":[{"embeddable":true,"href":"https:\/\/www.best-value.be\/en\/wp-json\/wp\/v2\/media\/2479"}],"wp:attachment":[{"href":"https:\/\/www.best-value.be\/en\/wp-json\/wp\/v2\/media?parent=2517"}],"curies":[{"name":"wp","href":"https:\/\/api.w.org\/{rel}","templated":true}]}}