{"id":2521,"date":"2019-09-05T10:29:55","date_gmt":"2019-09-05T08:29:55","guid":{"rendered":"http:\/\/best-value.test\/vendre\/"},"modified":"2026-04-07T11:49:21","modified_gmt":"2026-04-07T09:49:21","slug":"transfer","status":"publish","type":"page","link":"https:\/\/www.best-value.be\/en\/transfer\/","title":{"rendered":"Sell-side"},"content":{"rendered":"<p>La transmission d&#8217;une entreprise est un proc\u00e9d\u00e9 complexe dont la maitrise est un m\u00e9tier \u00e0 part enti\u00e8re !<\/p>\n<p>Confier la vente de son entreprise \u00e0 BestValue c&#8217;est la garantie de :<\/p>\n<ul>\n<li>Se r\u00e9f\u00e9rer \u00e0 un contact unique tout le long du processus, un &#8220;g\u00e9n\u00e9raliste&#8221; de la transmission,<\/li>\n<li>Ne pas brader sous la pression,<\/li>\n<li>Secouer le march\u00e9 en toute confidentialit\u00e9 et profiter de la concurrence pour en obtenir le juste prix,<\/li>\n<li>S&#8217;assurer du s\u00e9rieux des d\u00e9marches des candidats,<\/li>\n<li>Garder un total contr\u00f4le sur les op\u00e9rations,<\/li>\n<li>S\u00e9curiser son patrimoine, de veiller \u00e0 la conservation de ses int\u00e9r\u00eats sous tous les angles,<\/li>\n<li>Cadenasser l&#8217;ensemble de l&#8217;op\u00e9ration, pas seulement un prix int\u00e9ressant (\u00e9ch\u00e9ances et conditions de paiement, garanties, nature de ces garanties, horizons, planchers et plafonds, accompagnement de l&#8217;acqu\u00e9reur, etc.),<\/li>\n<li>Gagner du temps, pouvoir rester concentr\u00e9 sur le quotidien de son entreprise malgr\u00e9 le contexte,<\/li>\n<li>Sous-traiter son stress.<\/li>\n<\/ul>\n<p>Vente totale ou partielle des actions, du fonds de commerce, scission partielle, location g\u00e9rance, etc. Quels impacts fiscaux, sociaux, financiers ?<\/p>\n<p>Confier la vente de son entreprise \u00e0 BestValue c&#8217;est&#8230; le <strong>meilleur moyen de ne rien regretter<\/strong> une fois votre entreprise vendue.<\/p>\n<blockquote><p><strong>L\u2019atout \u00ab BestValue \u00bb :<\/strong> plus qu&#8217;un courtier d&#8217;entreprises, un interm\u00e9diaire, BestValue veut \u00eatre l&#8217; &#8220;entrepreneur g\u00e9n\u00e9ral&#8221; du projet professionnel le plus important de votre carri\u00e8re<\/p><\/blockquote>\n","protected":false},"excerpt":{"rendered":"<p>La transmission d&#8217;une entreprise est un proc\u00e9d\u00e9 complexe dont la maitrise est un m\u00e9tier \u00e0 part enti\u00e8re ! Confier la vente de son entreprise \u00e0 BestValue c&#8217;est la garantie de : Se r\u00e9f\u00e9rer \u00e0 un contact unique tout le long du processus, un &#8220;g\u00e9n\u00e9raliste&#8221; de la transmission, Ne pas brader sous la pression, Secouer le [&hellip;]<\/p>\n","protected":false},"author":1,"featured_media":2479,"parent":0,"menu_order":0,"comment_status":"closed","ping_status":"closed","template":"vendre-template.php","meta":{"_acf_changed":false,"footnotes":""},"class_list":["post-2521","page","type-page","status-publish","has-post-thumbnail","hentry"],"acf":[],"yoast_head":"<!-- This site is optimized with the Yoast SEO plugin v27.3 - https:\/\/yoast.com\/product\/yoast-seo-wordpress\/ -->\n<title>Sell-side - BestValue<\/title>\n<meta name=\"robots\" content=\"index, follow, max-snippet:-1, max-image-preview:large, max-video-preview:-1\" \/>\n<link rel=\"canonical\" href=\"https:\/\/www.best-value.be\/en\/transfer\/\" \/>\n<meta property=\"og:locale\" content=\"en_US\" \/>\n<meta property=\"og:type\" content=\"article\" \/>\n<meta property=\"og:title\" content=\"Sell-side - BestValue\" \/>\n<meta property=\"og:description\" content=\"La transmission d&#8217;une entreprise est un proc\u00e9d\u00e9 complexe dont la maitrise est un m\u00e9tier \u00e0 part enti\u00e8re ! Confier la vente de son entreprise \u00e0 BestValue c&#8217;est la garantie de : Se r\u00e9f\u00e9rer \u00e0 un contact unique tout le long du processus, un &#8220;g\u00e9n\u00e9raliste&#8221; de la transmission, Ne pas brader sous la pression, Secouer le [&hellip;]\" \/>\n<meta property=\"og:url\" content=\"https:\/\/www.best-value.be\/en\/transfer\/\" \/>\n<meta property=\"og:site_name\" content=\"BestValue\" \/>\n<meta property=\"article:publisher\" content=\"https:\/\/www.facebook.com\/Evaluer.Vendre.Acheter\/?locale=fr_FR\" \/>\n<meta property=\"article:modified_time\" content=\"2026-04-07T09:49:21+00:00\" \/>\n<meta property=\"og:image\" content=\"https:\/\/www.best-value.be\/wp-content\/uploads\/2022\/08\/bestvalue-about-banner.jpg\" \/>\n\t<meta property=\"og:image:width\" content=\"2560\" \/>\n\t<meta property=\"og:image:height\" content=\"1251\" \/>\n\t<meta property=\"og:image:type\" content=\"image\/jpeg\" \/>\n<meta name=\"twitter:card\" content=\"summary_large_image\" \/>\n<meta name=\"twitter:label1\" content=\"Est. reading time\" \/>\n\t<meta name=\"twitter:data1\" content=\"2 minutes\" \/>\n<script type=\"application\/ld+json\" class=\"yoast-schema-graph\">{\"@context\":\"https:\\\/\\\/schema.org\",\"@graph\":[{\"@type\":\"WebPage\",\"@id\":\"https:\\\/\\\/www.best-value.be\\\/en\\\/transfer\\\/\",\"url\":\"https:\\\/\\\/www.best-value.be\\\/en\\\/transfer\\\/\",\"name\":\"Sell-side - BestValue\",\"isPartOf\":{\"@id\":\"https:\\\/\\\/www.best-value.be\\\/en\\\/#website\"},\"primaryImageOfPage\":{\"@id\":\"https:\\\/\\\/www.best-value.be\\\/en\\\/transfer\\\/#primaryimage\"},\"image\":{\"@id\":\"https:\\\/\\\/www.best-value.be\\\/en\\\/transfer\\\/#primaryimage\"},\"thumbnailUrl\":\"https:\\\/\\\/www.best-value.be\\\/wp-content\\\/uploads\\\/2022\\\/08\\\/bestvalue-about-banner.jpg\",\"datePublished\":\"2019-09-05T08:29:55+00:00\",\"dateModified\":\"2026-04-07T09:49:21+00:00\",\"breadcrumb\":{\"@id\":\"https:\\\/\\\/www.best-value.be\\\/en\\\/transfer\\\/#breadcrumb\"},\"inLanguage\":\"en-US\",\"potentialAction\":[{\"@type\":\"ReadAction\",\"target\":[\"https:\\\/\\\/www.best-value.be\\\/en\\\/transfer\\\/\"]}]},{\"@type\":\"ImageObject\",\"inLanguage\":\"en-US\",\"@id\":\"https:\\\/\\\/www.best-value.be\\\/en\\\/transfer\\\/#primaryimage\",\"url\":\"https:\\\/\\\/www.best-value.be\\\/wp-content\\\/uploads\\\/2022\\\/08\\\/bestvalue-about-banner.jpg\",\"contentUrl\":\"https:\\\/\\\/www.best-value.be\\\/wp-content\\\/uploads\\\/2022\\\/08\\\/bestvalue-about-banner.jpg\",\"width\":2560,\"height\":1251,\"caption\":\"R\u00e9f\u00e9rences M&A - Op\u00e9rations de fusions et acquisitions r\u00e9ussies par BestValue\"},{\"@type\":\"BreadcrumbList\",\"@id\":\"https:\\\/\\\/www.best-value.be\\\/en\\\/transfer\\\/#breadcrumb\",\"itemListElement\":[{\"@type\":\"ListItem\",\"position\":1,\"name\":\"Accueil\",\"item\":\"https:\\\/\\\/www.best-value.be\\\/en\\\/\"},{\"@type\":\"ListItem\",\"position\":2,\"name\":\"Sell-side\"}]},{\"@type\":\"WebSite\",\"@id\":\"https:\\\/\\\/www.best-value.be\\\/en\\\/#website\",\"url\":\"https:\\\/\\\/www.best-value.be\\\/en\\\/\",\"name\":\"BestValue\",\"description\":\"M&amp;A Advisor\",\"publisher\":{\"@id\":\"https:\\\/\\\/www.best-value.be\\\/en\\\/#organization\"},\"alternateName\":\"BV\",\"potentialAction\":[{\"@type\":\"SearchAction\",\"target\":{\"@type\":\"EntryPoint\",\"urlTemplate\":\"https:\\\/\\\/www.best-value.be\\\/en\\\/?s={search_term_string}\"},\"query-input\":{\"@type\":\"PropertyValueSpecification\",\"valueRequired\":true,\"valueName\":\"search_term_string\"}}],\"inLanguage\":\"en-US\"},{\"@type\":\"Organization\",\"@id\":\"https:\\\/\\\/www.best-value.be\\\/en\\\/#organization\",\"name\":\"BestValue\",\"alternateName\":\"BV\",\"url\":\"https:\\\/\\\/www.best-value.be\\\/en\\\/\",\"logo\":{\"@type\":\"ImageObject\",\"inLanguage\":\"en-US\",\"@id\":\"https:\\\/\\\/www.best-value.be\\\/en\\\/#\\\/schema\\\/logo\\\/image\\\/\",\"url\":\"https:\\\/\\\/www.best-value.be\\\/wp-content\\\/uploads\\\/2025\\\/05\\\/Logo-BestValue-scaled.jpg\",\"contentUrl\":\"https:\\\/\\\/www.best-value.be\\\/wp-content\\\/uploads\\\/2025\\\/05\\\/Logo-BestValue-scaled.jpg\",\"width\":2560,\"height\":1998,\"caption\":\"BestValue\"},\"image\":{\"@id\":\"https:\\\/\\\/www.best-value.be\\\/en\\\/#\\\/schema\\\/logo\\\/image\\\/\"},\"sameAs\":[\"https:\\\/\\\/www.facebook.com\\\/Evaluer.Vendre.Acheter\\\/?locale=fr_FR\",\"https:\\\/\\\/www.linkedin.com\\\/company\\\/bestvalue\\\/\"]}]}<\/script>\n<!-- \/ Yoast SEO plugin. -->","yoast_head_json":{"title":"Sell-side - BestValue","robots":{"index":"index","follow":"follow","max-snippet":"max-snippet:-1","max-image-preview":"max-image-preview:large","max-video-preview":"max-video-preview:-1"},"canonical":"https:\/\/www.best-value.be\/en\/transfer\/","og_locale":"en_US","og_type":"article","og_title":"Sell-side - BestValue","og_description":"La transmission d&#8217;une entreprise est un proc\u00e9d\u00e9 complexe dont la maitrise est un m\u00e9tier \u00e0 part enti\u00e8re ! Confier la vente de son entreprise \u00e0 BestValue c&#8217;est la garantie de : Se r\u00e9f\u00e9rer \u00e0 un contact unique tout le long du processus, un &#8220;g\u00e9n\u00e9raliste&#8221; de la transmission, Ne pas brader sous la pression, Secouer le [&hellip;]","og_url":"https:\/\/www.best-value.be\/en\/transfer\/","og_site_name":"BestValue","article_publisher":"https:\/\/www.facebook.com\/Evaluer.Vendre.Acheter\/?locale=fr_FR","article_modified_time":"2026-04-07T09:49:21+00:00","og_image":[{"width":2560,"height":1251,"url":"https:\/\/www.best-value.be\/wp-content\/uploads\/2022\/08\/bestvalue-about-banner.jpg","type":"image\/jpeg"}],"twitter_card":"summary_large_image","twitter_misc":{"Est. reading time":"2 minutes"},"schema":{"@context":"https:\/\/schema.org","@graph":[{"@type":"WebPage","@id":"https:\/\/www.best-value.be\/en\/transfer\/","url":"https:\/\/www.best-value.be\/en\/transfer\/","name":"Sell-side - BestValue","isPartOf":{"@id":"https:\/\/www.best-value.be\/en\/#website"},"primaryImageOfPage":{"@id":"https:\/\/www.best-value.be\/en\/transfer\/#primaryimage"},"image":{"@id":"https:\/\/www.best-value.be\/en\/transfer\/#primaryimage"},"thumbnailUrl":"https:\/\/www.best-value.be\/wp-content\/uploads\/2022\/08\/bestvalue-about-banner.jpg","datePublished":"2019-09-05T08:29:55+00:00","dateModified":"2026-04-07T09:49:21+00:00","breadcrumb":{"@id":"https:\/\/www.best-value.be\/en\/transfer\/#breadcrumb"},"inLanguage":"en-US","potentialAction":[{"@type":"ReadAction","target":["https:\/\/www.best-value.be\/en\/transfer\/"]}]},{"@type":"ImageObject","inLanguage":"en-US","@id":"https:\/\/www.best-value.be\/en\/transfer\/#primaryimage","url":"https:\/\/www.best-value.be\/wp-content\/uploads\/2022\/08\/bestvalue-about-banner.jpg","contentUrl":"https:\/\/www.best-value.be\/wp-content\/uploads\/2022\/08\/bestvalue-about-banner.jpg","width":2560,"height":1251,"caption":"R\u00e9f\u00e9rences M&A - Op\u00e9rations de fusions et acquisitions r\u00e9ussies par BestValue"},{"@type":"BreadcrumbList","@id":"https:\/\/www.best-value.be\/en\/transfer\/#breadcrumb","itemListElement":[{"@type":"ListItem","position":1,"name":"Accueil","item":"https:\/\/www.best-value.be\/en\/"},{"@type":"ListItem","position":2,"name":"Sell-side"}]},{"@type":"WebSite","@id":"https:\/\/www.best-value.be\/en\/#website","url":"https:\/\/www.best-value.be\/en\/","name":"BestValue","description":"M&amp;A Advisor","publisher":{"@id":"https:\/\/www.best-value.be\/en\/#organization"},"alternateName":"BV","potentialAction":[{"@type":"SearchAction","target":{"@type":"EntryPoint","urlTemplate":"https:\/\/www.best-value.be\/en\/?s={search_term_string}"},"query-input":{"@type":"PropertyValueSpecification","valueRequired":true,"valueName":"search_term_string"}}],"inLanguage":"en-US"},{"@type":"Organization","@id":"https:\/\/www.best-value.be\/en\/#organization","name":"BestValue","alternateName":"BV","url":"https:\/\/www.best-value.be\/en\/","logo":{"@type":"ImageObject","inLanguage":"en-US","@id":"https:\/\/www.best-value.be\/en\/#\/schema\/logo\/image\/","url":"https:\/\/www.best-value.be\/wp-content\/uploads\/2025\/05\/Logo-BestValue-scaled.jpg","contentUrl":"https:\/\/www.best-value.be\/wp-content\/uploads\/2025\/05\/Logo-BestValue-scaled.jpg","width":2560,"height":1998,"caption":"BestValue"},"image":{"@id":"https:\/\/www.best-value.be\/en\/#\/schema\/logo\/image\/"},"sameAs":["https:\/\/www.facebook.com\/Evaluer.Vendre.Acheter\/?locale=fr_FR","https:\/\/www.linkedin.com\/company\/bestvalue\/"]}]}},"_links":{"self":[{"href":"https:\/\/www.best-value.be\/en\/wp-json\/wp\/v2\/pages\/2521","targetHints":{"allow":["GET"]}}],"collection":[{"href":"https:\/\/www.best-value.be\/en\/wp-json\/wp\/v2\/pages"}],"about":[{"href":"https:\/\/www.best-value.be\/en\/wp-json\/wp\/v2\/types\/page"}],"author":[{"embeddable":true,"href":"https:\/\/www.best-value.be\/en\/wp-json\/wp\/v2\/users\/1"}],"replies":[{"embeddable":true,"href":"https:\/\/www.best-value.be\/en\/wp-json\/wp\/v2\/comments?post=2521"}],"version-history":[{"count":23,"href":"https:\/\/www.best-value.be\/en\/wp-json\/wp\/v2\/pages\/2521\/revisions"}],"predecessor-version":[{"id":18420,"href":"https:\/\/www.best-value.be\/en\/wp-json\/wp\/v2\/pages\/2521\/revisions\/18420"}],"wp:featuredmedia":[{"embeddable":true,"href":"https:\/\/www.best-value.be\/en\/wp-json\/wp\/v2\/media\/2479"}],"wp:attachment":[{"href":"https:\/\/www.best-value.be\/en\/wp-json\/wp\/v2\/media?parent=2521"}],"curies":[{"name":"wp","href":"https:\/\/api.w.org\/{rel}","templated":true}]}}